{"id":4256,"date":"2023-07-08T12:52:09","date_gmt":"2023-07-08T12:52:09","guid":{"rendered":"https:\/\/probiotic.siber.link\/?page_id=4238"},"modified":"2023-07-29T15:29:31","modified_gmt":"2023-07-29T15:29:31","slug":"about-us","status":"publish","type":"page","link":"https:\/\/probiotics.my\/index.php\/about-us\/","title":{"rendered":"About Us"},"content":{"rendered":"<section class=\"wpb-content-wrapper\"><p>[vc_row css=&#8221;.vc_custom_1689083651006{margin-right: 50px !important;margin-left: 50px !important;}&#8221;][vc_column][vc_row_inner][vc_column_inner width=&#8221;1\/2&#8243;][vc_column_text]<\/p>\n<h2 class=\"box-header large margin-top-30 no-border\">B\u0130OB\u0130L\u0130M PHARMA \u0130la\u00e7 San. ve Tic. Anonim.<\/h2>\n<div class=\"wpb_text_column wpb_content_element large margin-top-10\">\n<div class=\"wpb_wrapper\">\n<p>company which goal is to manufacture quality pharmaceuticals products in the world, technically transfers its experience in pharmaceutical industry with the cooperation of internationally well_known scientists and experts started its activities In 2019, in Istanbul Tuzla Kimya Organize Sanayi,Turkey.<\/p>\n<p>The products of this company are presented to the market with commercial logo. The formulation of the products are designed for humans and animals usage . Our products have taken their place with improved formulations as a pioneer in the pharmaceutical industry.<\/p>\n<\/div>\n<\/div>\n<p>[\/vc_column_text][\/vc_column_inner][vc_column_inner width=&#8221;1\/2&#8243;][vc_single_image image=&#8221;4926&#8243; img_size=&#8221;full&#8221;][\/vc_column_inner][\/vc_row_inner][vc_row_inner][vc_column_inner width=&#8221;1\/2&#8243;][vc_single_image image=&#8221;4928&#8243; img_size=&#8221;full&#8221;][\/vc_column_inner][vc_column_inner width=&#8221;1\/2&#8243;][vc_column_text]<\/p>\n<h3 class=\"box-header margin-top-92\">Our Mission<\/h3>\n<div class=\"wpb_text_column wpb_content_element large margin-top-10\">\n<div class=\"wpb_wrapper\">\n<p>To harness the power of probiotics and scientific research to promote gut health and well-being, empowering individuals to lead healthier lives.<\/p>\n<\/div>\n<\/div>\n<p>[\/vc_column_text][\/vc_column_inner][\/vc_row_inner][vc_row_inner][vc_column_inner width=&#8221;1\/2&#8243;][vc_column_text]<\/p>\n<h3 class=\"box-header margin-top-92\">Our Vision<\/h3>\n<div class=\"wpb_text_column wpb_content_element large margin-top-10\">\n<div class=\"wpb_wrapper\">\n<p>To be a leading force in the probiotics industry, driving innovation, and inspiring a global community of wellness seekers.<\/p>\n<\/div>\n<\/div>\n<p>[\/vc_column_text][\/vc_column_inner][vc_column_inner width=&#8221;1\/2&#8243;][vc_single_image image=&#8221;4929&#8243; img_size=&#8221;full&#8221;][\/vc_column_inner][\/vc_row_inner][vc_row_inner][vc_column_inner width=&#8221;1\/2&#8243;][vc_single_image image=&#8221;4930&#8243; img_size=&#8221;full&#8221;][\/vc_column_inner][vc_column_inner width=&#8221;1\/2&#8243;][vc_column_text]<\/p>\n<h3 class=\"box-header margin-top-92\">Our Team<\/h3>\n<div class=\"wpb_text_column wpb_content_element large margin-top-10\">\n<div class=\"wpb_wrapper\">\n<p><strong>Expert and Experienced Staff<\/strong><\/p>\n<p>Our team of experts with extensive knowledge in various disciplines, including doctors, natural healers, chemists, formulators, and nutritionists, contributes to the development of deficient health-based products and guarantees the health and safety of the products. In addition to local experts, we collaborate with other scientists and researchers at prestigious universities and research centers abroad, thus, we are conducting more efficient R&amp;D studies.<\/p>\n<\/div>\n<\/div>\n<p>[\/vc_column_text][\/vc_column_inner][\/vc_row_inner][vc_row_inner][vc_column_inner width=&#8221;1\/2&#8243;][vc_column_text]<\/p>\n<h3 class=\"box-header margin-top-92\">Our Laboratories<\/h3>\n<div class=\"wpb_text_column wpb_content_element large margin-top-10\">\n<div class=\"wpb_wrapper\">\n<div class=\"gdlr-core-pbf-element\">\n<div class=\"gdlr-core-text-box-item gdlr-core-item-pdlr gdlr-core-item-pdb gdlr-core-left-align gdlr-core-no-p-space\">\n<div class=\"gdlr-core-text-box-item-content\">\n<ul class=\"qlik-p\">\n<li>Quality Control Laboratory<\/li>\n<li>Chemical Laboratory<\/li>\n<li>Research and Development Laboratory<\/li>\n<li>Cell Culture Laboratory<\/li>\n<li>Genetic Laborator<\/li>\n<\/ul>\n<\/div>\n<\/div>\n<p>&nbsp;<\/p>\n<\/div>\n<\/div>\n<\/div>\n<p>[\/vc_column_text][\/vc_column_inner][vc_column_inner width=&#8221;1\/2&#8243;][vc_single_image image=&#8221;4221&#8243; img_size=&#8221;Full&#8221;][\/vc_column_inner][\/vc_row_inner][\/vc_column][\/vc_row]<\/p>\n<\/section>","protected":false},"excerpt":{"rendered":"<p>[vc_row css=&#8221;.vc_custom_1689083651006{margin-right: 50px !important;margin-left: 50px !important;}&#8221;][vc_column][vc_row_inner][vc_column_inner width=&#8221;1\/2&#8243;][vc_column_text] B\u0130OB\u0130L\u0130M PHARMA \u0130la\u00e7 San. ve Tic. Anonim. company which goal is to manufacture quality pharmaceuticals products in the world, technically transfers its experience in pharmaceutical industry with the cooperation of internationally well_known scientists and experts started its activities In 2019, in Istanbul Tuzla Kimya Organize Sanayi,Turkey. The products<\/p>\n","protected":false},"author":2,"featured_media":0,"parent":0,"menu_order":0,"comment_status":"closed","ping_status":"closed","template":"","meta":{"content-type":"","footnotes":""},"class_list":["post-4256","page","type-page","status-publish","hentry"],"_links":{"self":[{"href":"https:\/\/probiotics.my\/index.php\/wp-json\/wp\/v2\/pages\/4256","targetHints":{"allow":["GET"]}}],"collection":[{"href":"https:\/\/probiotics.my\/index.php\/wp-json\/wp\/v2\/pages"}],"about":[{"href":"https:\/\/probiotics.my\/index.php\/wp-json\/wp\/v2\/types\/page"}],"author":[{"embeddable":true,"href":"https:\/\/probiotics.my\/index.php\/wp-json\/wp\/v2\/users\/2"}],"replies":[{"embeddable":true,"href":"https:\/\/probiotics.my\/index.php\/wp-json\/wp\/v2\/comments?post=4256"}],"version-history":[{"count":6,"href":"https:\/\/probiotics.my\/index.php\/wp-json\/wp\/v2\/pages\/4256\/revisions"}],"predecessor-version":[{"id":5164,"href":"https:\/\/probiotics.my\/index.php\/wp-json\/wp\/v2\/pages\/4256\/revisions\/5164"}],"wp:attachment":[{"href":"https:\/\/probiotics.my\/index.php\/wp-json\/wp\/v2\/media?parent=4256"}],"curies":[{"name":"wp","href":"https:\/\/api.w.org\/{rel}","templated":true}]}}